{"id":1827,"date":"2024-02-14T14:40:44","date_gmt":"2024-02-14T13:40:44","guid":{"rendered":"https:\/\/mayer-arbeitsbuehnen.com\/?page_id=1827"},"modified":"2026-03-27T07:37:00","modified_gmt":"2026-03-27T06:37:00","slug":"sale","status":"publish","type":"page","link":"https:\/\/www.mayer-arbeitsbuehnen.de\/en\/sale\/","title":{"rendered":"Sale"},"content":{"rendered":"<div class=\"gb-container gb-container-75fcfe79 gb-container-section-xl\">\n<div class=\"gb-container gb-container-ec5c0f5d gb-container-inner-d\">\n\n<h1 class=\"gb-headline gb-headline-084fac8b gb-headline-text\">Forklift and work platform <br>buy instead of rent<\/h1>\n\n\n\n<div style=\"height:48px\" aria-hidden=\"true\" class=\"wp-block-spacer\"><\/div>\n\n<\/div>\n<\/div>\n\n<div class=\"gb-container gb-container-79e9ff56 gb-container-section-d\">\n<div class=\"gb-container gb-container-18246e6e gb-container-inner-d\">\n\n<p class=\"gb-headline gb-headline-15b99ace gb-headline-text gb-headline-lead\">Used or new<\/p>\n\n\n\n<h2 class=\"gb-headline gb-headline-739d2a42 gb-headline-text\">Buy forklift and work platform -<br>discover our high-quality offers<\/h2>\n\n\n\n<p>Sie sind auf der Suche nach einer zuverl\u00e4ssigen Arbeitsb\u00fchne, einem Stapler oder einem Teleskopstapler zum Kauf \u2013 m\u00f6chten aber kein Ger\u00e4t, das seit Monaten ungenutzt beim H\u00e4ndler steht? Dann sind Sie bei uns genau richtig.<\/p>\n\n\n\n<p>Unsere Maschinen stammen direkt aus unserem eigenen Mietpark und werden von unserer Werkstatt von Anfang an betreut. Das bedeutet f\u00fcr Sie: Jede einzelne Maschine wird nach jedem Einsatz sorgf\u00e4ltig gewartet und gepr\u00fcft \u2013 inklusive aller vorgeschriebenen UVV-Pr\u00fcfungen. So k\u00f6nnen Sie sich darauf verlassen, ein technisch einwandfreies, sofort einsatzbereites Ger\u00e4t in hervorragendem Zustand zu erhalten.<\/p>\n\n\n\n<p>Nicht das passende Ger\u00e4t gefunden? Kein Problem. Mit einem Fuhrpark von \u00fcber 800 Maschinen bieten wir Ihnen eine enorme Auswahl. Gemeinsam finden wir genau die L\u00f6sung, die zu Ihrem Bedarf passt \u2013 schnell, unkompliziert und innerhalb weniger Tage. Vom Einsatz auf der Baustelle geht es direkt \u00fcber unsere Werkstatt zu Ihnen aufs Betriebsgel\u00e4nde.<\/p>\n\n\n\n<p>Sie interessieren sich f\u00fcr ein Neuger\u00e4t? Auch hier profitieren Sie von unserer langj\u00e4hrigen Erfahrung und unseren starken H\u00e4ndlerkonditionen. Dar\u00fcber hinaus sichern wir Ihnen auch nach der Garantiezeit einen erstklassigen Service sowie einen zuverl\u00e4ssigen Zugriff auf Ersatzteile.<\/p>\n\n\n\n<p>Setzen Sie auf Qualit\u00e4t, Erfahrung und echte Praxisn\u00e4he \u2013 wir liefern die passende Maschine f\u00fcr Ihren Erfolg.<\/p>\n\n<\/div>\n<\/div>\n\n<div class=\"gb-container gb-container-4f3f68df gb-container-section-d\">\n<div class=\"gb-container gb-container-4e63b767 gb-container-inner-d\">\n\n<script src=\"https:\/\/www.forklift-international.com\/product-widget\/widget.js\" async><\/script><motus-product-widget user-alias=\"fNB6bYaOgBCGnzO4M17bEQ==\" language-id=\"1\" is-grid-view=\"false\" is-router-navigation=\"true\"><\/motus-product-widget>\n\n<\/div>\n<\/div>\n\n<div class=\"gb-container gb-container-8a21eb3b gb-container-section-d\"><\/div>\n\n\n<p><\/p>","protected":false},"excerpt":{"rendered":"<p>Stapler und Arbeitsb\u00fchne kaufen statt mieten Gebraucht oder neu Stapler und Arbeitsb\u00fchne kaufen &#8211;entdecken Sie unsere hochwertigen Angebote Sie sind auf der Suche nach einer zuverl\u00e4ssigen Arbeitsb\u00fchne, einem Stapler oder einem Teleskopstapler zum Kauf \u2013 m\u00f6chten aber kein Ger\u00e4t, das seit Monaten ungenutzt beim H\u00e4ndler steht? Dann sind Sie bei uns genau richtig. Unsere Maschinen &#8230; <a title=\"Sale\" class=\"read-more\" href=\"https:\/\/www.mayer-arbeitsbuehnen.de\/en\/sale\/\" aria-label=\"Read more about Sale\">Read more<\/a><\/p>","protected":false},"author":3,"featured_media":0,"parent":0,"menu_order":0,"comment_status":"closed","ping_status":"closed","template":"","meta":{"_acf_changed":false,"footnotes":""},"class_list":["post-1827","page","type-page","status-publish"],"acf":[],"_links":{"self":[{"href":"https:\/\/www.mayer-arbeitsbuehnen.de\/en\/wp-json\/wp\/v2\/pages\/1827","targetHints":{"allow":["GET"]}}],"collection":[{"href":"https:\/\/www.mayer-arbeitsbuehnen.de\/en\/wp-json\/wp\/v2\/pages"}],"about":[{"href":"https:\/\/www.mayer-arbeitsbuehnen.de\/en\/wp-json\/wp\/v2\/types\/page"}],"author":[{"embeddable":true,"href":"https:\/\/www.mayer-arbeitsbuehnen.de\/en\/wp-json\/wp\/v2\/users\/3"}],"replies":[{"embeddable":true,"href":"https:\/\/www.mayer-arbeitsbuehnen.de\/en\/wp-json\/wp\/v2\/comments?post=1827"}],"version-history":[{"count":0,"href":"https:\/\/www.mayer-arbeitsbuehnen.de\/en\/wp-json\/wp\/v2\/pages\/1827\/revisions"}],"wp:attachment":[{"href":"https:\/\/www.mayer-arbeitsbuehnen.de\/en\/wp-json\/wp\/v2\/media?parent=1827"}],"curies":[{"name":"wp","href":"https:\/\/api.w.org\/{rel}","templated":true}]}}